{"id":2472,"date":"2021-12-17T16:01:29","date_gmt":"2021-12-17T16:01:29","guid":{"rendered":"https:\/\/arquilimpa.pt\/recrutamento-acores\/"},"modified":"2022-12-23T12:02:07","modified_gmt":"2022-12-23T12:02:07","slug":"recrutamento-acores","status":"publish","type":"page","link":"https:\/\/arquilimpa.pt\/de\/recrutamento-acores\/","title":{"rendered":"Recrutamento"},"content":{"rendered":"<p>[vc_row full_width=&#8220;stretch_row_content_no_spaces&#8220; content_style=&#8220;content_dark&#8220;][vc_column content_style=&#8220;content_dark&#8220;][vc_column_text]<div style=\"background-image: url(https:\/\/arquilimpa.pt\/wp-content\/uploads\/2022\/02\/nino-maghradze-BUXdQh53eis-unsplash-scaled.jpg); padding-top:9rem; padding-bottom:9rem; background-position: center; \/* Center the image *\/\n   background-repeat: no-repeat; \/* Do not repeat the image *\/\n   background-size: cover;\" class=\"header_gradient_color_custom vc_row_before_block slcr_row_curve vc_row wpb_row vc_row-fluid content-light data-bg-color-61c49c2e14886 vc_custom_1575810834631 vc_row-has-fill row-z-index-61c49c2e14886\" data-bg-overlay=\"10\" data-bg-color-61c49c2e14886=\"10\" >\n      <style><\/style>\n      <div class=\"container home_div_header\">\n         <div class=\"wpb_column vc_column_container content-dark vc_col-sm-12 vc_col-lg-6 vc_col-md-6 vc_col-xs-12 column-z-index-61c49c2e149b4\">\n            <div class=\"vc_column-inner vc_custom_1556271365097\">\n               <div class=\"wpb_wrapper\">\n                  <style>#slcr_custom_heading_61c49c2e14eae{ font-size: 13px;text-align: left;  letter-spacing: 1px; }<\/style>\n                  <h6 id=\"slcr_custom_heading_61c49c2e14eae\" class=\"vc_custom_heading sub-heading single font-700\">Recrutamento<\/h6>\n                  <style>#slcr_custom_heading_61c4a837ed458{ font-size: 48px;text-align: left;  }<\/style>\n                  <h1 id=\"slcr_custom_heading_61c4a837ed458\" class=\"vc_custom_heading vc_custom_1556727054498 font-300\">Estamos a contratar Profissionais<\/h1>\n                  <style>#btn_slcr_61c49c2e1577d{ font-size: 13px;}  #btn_slcr_61c49c2e1577d:hover{ }<\/style>\n\n               <\/div>\n            <\/div>\n         <\/div>\n         <style><\/style>\n         <div class=\"wpb_column vc_column_container content-dark vc_col-sm-7 vc_hidden-sm vc_hidden-xs column-z-index-61c49c2e15811\">\n            <div class=\"vc_column-inner \">\n               <div class=\"wpb_wrapper\">\n               <\/div>\n            <\/div>\n         <\/div>\n         <div class=\"row__shape\" data-shape-type=\"Waves_md_left\" data-curve-height=\"100px\" data-curve-animation=\"no\" data-shape-direction=\"Bottom\" id=\"slcr_row_height_61c49c2e148ac\" style=\"height: 100px;\">\n            <svg version=\"1.1\" class=\"shape__svg\" xmlns=\"http:\/\/www.w3.org\/2000\/svg\" xmlns:xlink=\"http:\/\/www.w3.org\/1999\/xlink\" x=\"0px\" y=\"0px\" viewBox=\"0 0 1366 231\" preserveAspectRatio=\"none\" style=\"enable-background:new 0 0 1366 231;\" xml:space=\"preserve\">\n               <path fill=\"#ffffff\" d=\"M0,54c0,0,106,134,307,101c246-63,285-39,368-22c106,33,225,90,292,62c109-39,255-191,399-178 c0,128,0,214,0,214H0V54z\"><\/path>\n               <path fill=\"#ffffff\" style=\"opacity: 0.45\" d=\"M-1,231h188h1178c0,0,2-104,0-214c-297,10-383,309-632,143c-39,0-122,51-325-17C172,216-1,31-1,31\"><\/path>\n               <path fill=\"#ffffff\" style=\"opacity: 0.45\" d=\"M1366,227c0,0,0-71.03,0-203c-198-44-439,252-559,156c-13,1,0.7-9.44-53-20c-116.23-22.86-254.55-23.5-371-17 C157,121-4,172.01-4,172.01\"><\/path>\n            <\/svg>\n         <\/div>\n      <\/div>\n   <\/div>[\/vc_column_text][\/vc_column][\/vc_row][vc_row content_style=&#8220;content_dark&#8220;][vc_column content_style=&#8220;content_dark&#8220;][vc_column_text]<div class=\"vc_row wpb_row vc_row-fluid content-dark data-bg-color-61c5a84fa864d vc_custom_1556174028433 vc_row-o-equal-height vc_row-o-content-middle vc_row-flex row-z-index-61c5a84fa864d\">\n      <style>.slcr_custom_textlink_inner_61c5a84fa9fc3{  font-size: 15px !important; }<\/style>\n      <style><\/style>\n      <div class=\"container\">\n      <div class=\"wpb_column vc_column_container content-dark vc_col-sm-6 column-z-index-61c5a84fa87ee\">\n         <div class=\"vc_column-inner vc_custom_1556202434624\">\n            <div class=\"wpb_wrapper\">\n               <style>#slcr_custom_heading_61c5a84fa9bdf{ font-size: 13px;text-align: left;  letter-spacing: 1px; }<\/style>\n               <h6 id=\"slcr_custom_heading_61c5a84fa9bdf\" class=\"vc_custom_heading sub-heading single font-700\">Candidatura<\/h6>\n               <style>#slcr_custom_heading_61c5a84fa9dd2{ font-size: 36px;line-height: 46px;text-align: left;  }<\/style>\n               <h2 id=\"slcr_custom_heading_61c5a84fa9dd2\" class=\"vc_custom_heading vc_custom_1556018213501 font-600\">Trabalhe com uma equipa din\u00e2mica e qualificada<\/h2>\n               <style>#slcr_custom_heading_61c5a84fa9f89{ text-align: left;  }<\/style>\n               <p id=\"slcr_custom_heading_61c5a84fa9f89\" class=\"vc_custom_heading vc_custom_1556018222048 font-400\">Fa\u00e7a j\u00e1 a sua candidatura e prepare-se para trabalhar com uma equipa profissional e de qualidade, capaz de superar qualquer desafio. <\/p>\n               <div class=\"wpb_wrapper\">\n                  <div class=\"vc_empty_space  visible-xs\" style=\"height: 50px\"><span class=\"vc_empty_space_inner\"><\/span><\/div>\n                  <div class=\"boxes box-3 box-rounded bg-default   vc_custom_1584352951448  slcr_box_image_css_61bcb6b849429\">\n                     <div class=\"inner text-left\">\n                        <style>#slcr_custom_heading_61bcb6b849557{ font-size: 20px;color: #001837;line-height: 1;text-align: center;  }<\/style>\n                        <h4 id=\"slcr_custom_heading_61bcb6b849557\" class=\"vc_custom_heading vc_custom_1584354877860 font-600\">Jetzt bewerben<\/h4>\n                        <div role=\"form\" class=\"wpcf7\" id=\"wpcf7-f697-p692-o1\" dir=\"ltr\" lang=\"en-US\">\n                           <div class=\"screen-reader-response\">\n                              <p role=\"status\" aria-live=\"polite\" aria-atomic=\"true\"><\/p>\n                              <ul><\/ul>\n                           <\/div>\n                           <div role=\"form\" class=\"wpcf7\" id=\"wpcf7-f2509-o1\" lang=\"de-DE\" dir=\"ltr\">\n<div class=\"screen-reader-response\"><p role=\"status\" aria-live=\"polite\" aria-atomic=\"true\"><\/p> <ul><\/ul><\/div>\n<form action=\"\/de\/wp-json\/wp\/v2\/pages\/2472#wpcf7-f2509-o1\" method=\"post\" class=\"wpcf7-form init\" enctype=\"multipart\/form-data\" novalidate=\"novalidate\" data-status=\"init\">\n<div style=\"display: none;\">\n<input type=\"hidden\" name=\"_wpcf7\" value=\"2509\" \/>\n<input type=\"hidden\" name=\"_wpcf7_version\" value=\"5.5.3\" \/>\n<input type=\"hidden\" name=\"_wpcf7_locale\" value=\"de_DE\" \/>\n<input type=\"hidden\" name=\"_wpcf7_unit_tag\" value=\"wpcf7-f2509-o1\" \/>\n<input type=\"hidden\" name=\"_wpcf7_container_post\" value=\"0\" \/>\n<input type=\"hidden\" name=\"_wpcf7_posted_data_hash\" value=\"\" \/>\n<input type=\"hidden\" name=\"_wpcf7_recaptcha_response\" value=\"\" \/>\n<\/div>\n<label> Vorname <\/label>\n    <span class=\"wpcf7-form-control-wrap your-name\"><input type=\"text\" name=\"your-name\" value=\"\" size=\"40\" class=\"wpcf7-form-control wpcf7-text wpcf7-validates-as-required\" aria-required=\"true\" aria-invalid=\"false\" \/><\/span>\n\n<label> Nachname <\/label>\n    <span class=\"wpcf7-form-control-wrap your-last-name\"><input type=\"text\" name=\"your-last-name\" value=\"\" size=\"40\" class=\"wpcf7-form-control wpcf7-text wpcf7-validates-as-required\" aria-required=\"true\" aria-invalid=\"false\" \/><\/span>\n\n<label> Adresse <\/label>\n    <span class=\"wpcf7-form-control-wrap your-address\"><input type=\"text\" name=\"your-address\" value=\"\" size=\"40\" class=\"wpcf7-form-control wpcf7-text wpcf7-validates-as-required\" aria-required=\"true\" aria-invalid=\"false\" \/><\/span>\n\n<label> Kontakt <\/label>\n    <span class=\"wpcf7-form-control-wrap your-contact\"><input type=\"tel\" name=\"your-contact\" value=\"\" size=\"40\" class=\"wpcf7-form-control wpcf7-text wpcf7-tel wpcf7-validates-as-required wpcf7-validates-as-tel\" aria-required=\"true\" aria-invalid=\"false\" \/><\/span>\n\n<label> E-Mail <\/label>\n    <span class=\"wpcf7-form-control-wrap your-email\"><input type=\"email\" name=\"your-email\" value=\"\" size=\"40\" class=\"wpcf7-form-control wpcf7-text wpcf7-email wpcf7-validates-as-required wpcf7-validates-as-email\" aria-required=\"true\" aria-invalid=\"false\" \/><\/span>\n\n<label> Nachricht <\/label>\n    <span class=\"wpcf7-form-control-wrap mensagem\"><textarea name=\"mensagem\" cols=\"40\" rows=\"10\" class=\"wpcf7-form-control wpcf7-textarea\" aria-invalid=\"false\"><\/textarea><\/span>\n\n<label> CV-Upload <\/label>\n    <span class=\"wpcf7-form-control-wrap your-file\"><input type=\"file\" name=\"your-file\" size=\"40\" class=\"wpcf7-form-control wpcf7-file candidatura_file_input\" accept=\".jpg,.jpeg,.png,.gif,.pdf,.doc,.docx,.ppt,.pptx,.odt,.avi,.ogg,.m4a,.mov,.mp3,.mp4,.mpg,.wav,.wmv\" aria-invalid=\"false\" \/><\/span>\n\n<div style=\"display:flex;align-items: center;\"><span class=\"wpcf7-form-control-wrap your-consent\"><span class=\"wpcf7-form-control wpcf7-acceptance\"><span class=\"wpcf7-list-item\"><label><input type=\"checkbox\" name=\"your-consent\" value=\"1\" aria-invalid=\"false\" \/><span class=\"wpcf7-list-item-label\">&nbsp;<\/span><\/label><\/span><\/span><\/span>\n        <p>Ich habe gelesen und akzeptiere die <a href=\"https:\/\/arquilimpa.pt\/termos-condicoes\/\" target=\"_blank\">Bedingungen und Konditionen<\/a> und die <a href=\"https:\/\/arquilimpa.pt\/politica-privacidade\/\" target=\"_blank\">Datenschutzbestimmungen<\/a>.<\/p>\n<\/div>\n\n<input type=\"submit\" value=\"Bewerbung einreichen\" class=\"wpcf7-form-control has-spinner wpcf7-submit btn--primary btn-submit\" \/><div class=\"wpcf7-response-output\" aria-hidden=\"true\"><\/div><\/form><\/div>\n                        <\/div>\n                     <\/div>\n                  <\/div>\n               <\/div>\n            <\/div>\n         <\/div>\n      <\/div>\n      <style><\/style>\n      <div class=\"wpb_column vc_column_container content-dark vc_col-sm-1 vc_hidden-md vc_hidden-sm vc_hidden-xs column-z-index-61c5a84fabf62\">\n         <div class=\"vc_column-inner \">\n            <div class=\"wpb_wrapper\"><\/div>\n         <\/div>\n      <\/div>\n      <style><\/style>\n      <div class=\"dotted-pattern-2 position-1 wpb_column vc_column_container content-dark vc_col-sm-6 vc_col-lg-5 vc_col-md-6 vc_col-xs-12 vc_col-has-fill column-z-index-61c5a84fac0af\">\n         <div class=\"vc_column-inner vc_custom_1639235980356\" style=\"min-height:107rem; background-image: url(https:\/\/arquilimpa.pt\/wp-content\/uploads\/2022\/02\/ashwini-chaudhary-Iu6parQAO-U-unsplash-scaled.jpg); background-position: center; \/* Center the image *\/\n         background-repeat: no-repeat; \/* Do not repeat the image *\/\n         background-size: cover;\" >\n            <div class=\"wpb_wrapper\"><\/div>\n         <\/div>\n      <\/div>\n      <\/div>\n   <\/div>[\/vc_column_text][\/vc_column][\/vc_row][vc_row full_width=&#8220;stretch_row_content_no_spaces&#8220; content_style=&#8220;content_dark&#8220;][vc_column content_style=&#8220;content_dark&#8220;][vc_column_text]<\/p>\n<div>\n<div><div class=\"orcamento_contact_form_page vc_row vc_row_before_block wpb_row vc_row-fluid content-light data-bg-color-61c9a80fe9d2b vc_custom_1639748840526 vc_row-has-fill row-z-index-61c9a80fe9d2b\" data-bg-overlay=\"10\" data-bg-color-61c9a80fe9d2b=\"10\" style=\"background-position: center !important; background-repeat: no-repeat !important; background-size: cover !important;\n      background-image: url(https:\/\/arquilimpa.pt\/wp-content\/uploads\/2022\/02\/clay-banks-cEzMOp5FtV4-unsplash-scaled-e1645015037877.jpg); padding-top: 100px !important; padding-bottom: 150px !important; background-color: #eeeeee !important;\" >\n      <style><\/style>\n      <div class=\"wpb_column vc_column_container content-dark vc_col-sm-12 column-z-index-61c9a80fe9de9\">\n         <div class=\"vc_column-inner \">\n            <div class=\"wpb_wrapper\">\n               <div class=\"vc_row wpb_row vc_inner vc_row-fluid text-center\">\n                  <div class=\"wpb_column vc_column_container vc_col-sm-12\">\n                     <div class=\"vc_column-inner\">\n                        <div class=\"wpb_wrapper\">\n                           <style>#slcr_custom_heading_61c9a80fea297{ font-size: 13px;text-align: left;  letter-spacing: 1px; }<\/style>\n                           <h6 id=\"slcr_custom_heading_61c9a80fea297\" class=\"vc_custom_heading sub-heading center font-700\">Anfrage f\u00fcr ein Angebot<\/h6>\n                           <style>#slcr_custom_heading_61c9a80fea3bd{ font-size: 36px;line-height: 46px;text-align: center;  }<\/style>\n                           <h2 style=\"position:relative; z-index:10\" id=\"slcr_custom_heading_61c9a80fea3bd\" class=\"vc_custom_heading vc_custom_1639749342095 font-600\">Holen Sie sich jetzt Ihr Angebot<\/h2>\n                        <\/div>\n                     <\/div>\n                  <\/div>\n               <\/div>\n            <\/div>\n         <\/div>\n      <\/div>\n   <\/div>\n   <div class=\"vc_row-full-width vc_clearfix\"><\/div>\n   <div class=\"vc_row wpb_row vc_row-fluid content-dark data-bg-color-61c9a80fea55d row-z-index-61c9a80fea55d\" style=\"margin-top:-145px; padding-bottom: 55px !important;\">\n      <style>.slcr_box_image_css_61c9a80fea680{   }<\/style>\n      <style><\/style>\n      <div class=\"container\">\n      <div class=\"wpb_column vc_column_container content-dark vc_col-sm-12 column-z-index-61c9a80fea5f5\">\n         <div class=\"vc_column-inner \" style=\"padding-left: 15px; padding-right: 15px;\">\n            <div class=\"wpb_wrapper\">\n               <div class=\"boxes box-3 box-rounded bg-default   block-inline slcr_box_image_css_61c9a80fea680\">\n                  <div class=\"inner text-left\">\n                     <div role=\"form\" class=\"wpcf7\" id=\"wpcf7-f2520-o2\" lang=\"de-DE\" dir=\"ltr\">\n<div class=\"screen-reader-response\"><p role=\"status\" aria-live=\"polite\" aria-atomic=\"true\"><\/p> <ul><\/ul><\/div>\n<form action=\"\/de\/wp-json\/wp\/v2\/pages\/2472#wpcf7-f2520-o2\" method=\"post\" class=\"wpcf7-form init\" novalidate=\"novalidate\" data-status=\"init\">\n<div style=\"display: none;\">\n<input type=\"hidden\" name=\"_wpcf7\" value=\"2520\" \/>\n<input type=\"hidden\" name=\"_wpcf7_version\" value=\"5.5.3\" \/>\n<input type=\"hidden\" name=\"_wpcf7_locale\" value=\"de_DE\" \/>\n<input type=\"hidden\" name=\"_wpcf7_unit_tag\" value=\"wpcf7-f2520-o2\" \/>\n<input type=\"hidden\" name=\"_wpcf7_container_post\" value=\"0\" \/>\n<input type=\"hidden\" name=\"_wpcf7_posted_data_hash\" value=\"\" \/>\n<input type=\"hidden\" name=\"_wpcf7_recaptcha_response\" value=\"\" \/>\n<\/div>\n<div class=\"row\">\n    <div class=\"col-md-4\">\n        <label> Name\n        <span class=\"wpcf7-form-control-wrap nome\"><input type=\"text\" name=\"nome\" value=\"\" size=\"40\" class=\"wpcf7-form-control wpcf7-text wpcf7-validates-as-required\" aria-required=\"true\" aria-invalid=\"false\" placeholder=\"Geben Sie Ihren Namen ein\" \/><\/span> <\/label>\n        \n        <label> Name des Unternehmens\n        <span class=\"wpcf7-form-control-wrap empresa\"><input type=\"text\" name=\"empresa\" value=\"\" size=\"40\" class=\"wpcf7-form-control wpcf7-text wpcf7-validates-as-required\" aria-required=\"true\" aria-invalid=\"false\" placeholder=\"Geben Sie den Namen Ihres Unternehmens ein\" \/><\/span> <\/label>\n\n        <label> Adresse\n        <span class=\"wpcf7-form-control-wrap morada\"><input type=\"text\" name=\"morada\" value=\"\" size=\"40\" class=\"wpcf7-form-control wpcf7-text wpcf7-validates-as-required\" aria-required=\"true\" aria-invalid=\"false\" placeholder=\"Geben Sie Ihre Adresse ein\" \/><\/span> <\/label>\n\n       <label> Service ausw\u00e4hlen\n        <span class=\"wpcf7-form-control-wrap servicos\"><select name=\"servicos\" class=\"wpcf7-form-control wpcf7-select wpcf7-validates-as-required\" aria-required=\"true\" aria-invalid=\"false\"><option value=\"W\u00e4hlen Sie einen Dienst\">W\u00e4hlen Sie einen Dienst<\/option><option value=\"Limpeza de Igrejas e Outros Lugares de Culto\">Limpeza de Igrejas e Outros Lugares de Culto<\/option><option value=\"Limpeza de Supermercados\">Limpeza de Supermercados<\/option><option value=\"Limpeza de Estabelecimentos de Ensino\">Limpeza de Estabelecimentos de Ensino<\/option><option value=\"Limpeza de Unidades Industriais e Afins\">Limpeza de Unidades Industriais e Afins<\/option><option value=\"Limpeza de Cl\u00ednicas\">Limpeza de Cl\u00ednicas<\/option><option value=\"Limpeza de Hot\u00e9is\">Limpeza de Hot\u00e9is<\/option><option value=\"Limpeza de Escrit\u00f3rios\">Limpeza de Escrit\u00f3rios<\/option><option value=\"Lavandaria\">Lavandaria<\/option><option value=\"Andere\">Andere<\/option><\/select><\/span> <\/label>\n    <\/div>\n    <div class=\"col-md-8\">\n        \n        <label> Nachricht\n        <span class=\"wpcf7-form-control-wrap mensagem\"><textarea name=\"mensagem\" cols=\"40\" rows=\"2\" class=\"wpcf7-form-control wpcf7-textarea\" aria-invalid=\"false\" placeholder=\"Schreiben Sie Ihre Nachricht\"><\/textarea><\/span> <\/label>\n        \n        <div style=\"display:flex\">\n            <label> Telefon\n            <span class=\"wpcf7-form-control-wrap telefone\"><input type=\"tel\" name=\"telefone\" value=\"\" size=\"40\" class=\"wpcf7-form-control wpcf7-text wpcf7-tel wpcf7-validates-as-required wpcf7-validates-as-tel\" aria-required=\"true\" aria-invalid=\"false\" placeholder=\"Geben Sie Ihre Kontaktinformationen ein\" \/><\/span> <\/label>\n\n            <label> E-Mail\n            <span class=\"wpcf7-form-control-wrap email\"><input type=\"email\" name=\"email\" value=\"\" size=\"40\" class=\"wpcf7-form-control wpcf7-text wpcf7-email wpcf7-validates-as-required wpcf7-validates-as-email\" aria-required=\"true\" aria-invalid=\"false\" placeholder=\"Introduza o seu email\" \/><\/span> <\/label>\n        <\/div>\n        \n    <\/div>\n<\/div>\n\n<div style=\"display:flex;align-items: center;\"><span class=\"wpcf7-form-control-wrap your-consent\"><span class=\"wpcf7-form-control wpcf7-acceptance\"><span class=\"wpcf7-list-item\"><label><input type=\"checkbox\" name=\"your-consent\" value=\"1\" aria-invalid=\"false\" \/><span class=\"wpcf7-list-item-label\">&nbsp;<\/span><\/label><\/span><\/span><\/span>\n        <p>Ich habe gelesen und akzeptiere die <a href=\"https:\/\/arquilimpa.pt\/termos-condicoes\/\" target=\"_blank\">Bedingungen und Konditionen<\/a> und die <a href=\"https:\/\/arquilimpa.pt\/politica-privacidade\/\" target=\"_blank\">Datenschutzbestimmungen<\/a>.<\/p>\n<\/div>\n\n\n<input type=\"submit\" value=\"Senden Sie\" class=\"wpcf7-form-control has-spinner wpcf7-submit\" \/><div class=\"wpcf7-response-output\" aria-hidden=\"true\"><\/div><\/form><\/div>\n                  <\/div>\n               <\/div>\n            <\/div>\n         <\/div>\n      <\/div>\n      <\/div>\n   <\/div><\/div>\n<\/div>\n<p>[\/vc_column_text][\/vc_column][\/vc_row]<\/p>\n","protected":false},"excerpt":{"rendered":"<p>[vc_row full_width=&#8220;stretch_row_content_no_spaces&#8220; content_style=&#8220;content_dark&#8220;][vc_column content_style=&#8220;content_dark&#8220;][vc_column_text][\/vc_column_text][\/vc_column][\/vc_row][vc_row content_style=&#8220;content_dark&#8220;][vc_column content_style=&#8220;content_dark&#8220;][vc_column_text][\/vc_column_text][\/vc_column][\/vc_row][vc_row full_width=&#8220;stretch_row_content_no_spaces&#8220; content_style=&#8220;content_dark&#8220;][vc_column content_style=&#8220;content_dark&#8220;][vc_column_text] [\/vc_column_text][\/vc_column][\/vc_row]<\/p>\n","protected":false},"author":1,"featured_media":0,"parent":0,"menu_order":0,"comment_status":"closed","ping_status":"closed","template":"","meta":[],"yoast_head":"<!-- This site is optimized with the Yoast SEO plugin v17.8 - https:\/\/yoast.com\/wordpress\/plugins\/seo\/ -->\n<title>Recrutamento - Arquilimpa<\/title>\n<meta name=\"description\" content=\"Na Arquilimpa, todos s\u00e3o bem-vindos para trabalhar numa equipa din\u00e2mica e qualificada. Fa\u00e7a parte do nosso recrutamento nos A\u00e7ores\" \/>\n<meta name=\"robots\" content=\"index, follow, max-snippet:-1, max-image-preview:large, max-video-preview:-1\" \/>\n<link rel=\"canonical\" href=\"https:\/\/arquilimpa.pt\/recrutamento-acores\/\" \/>\n<meta property=\"og:locale\" content=\"de_DE\" \/>\n<meta property=\"og:type\" content=\"article\" \/>\n<meta property=\"og:title\" content=\"Recrutamento - Arquilimpa\" \/>\n<meta property=\"og:description\" content=\"Na Arquilimpa, todos s\u00e3o bem-vindos para trabalhar numa equipa din\u00e2mica e qualificada. Fa\u00e7a parte do nosso recrutamento nos A\u00e7ores\" \/>\n<meta property=\"og:url\" content=\"https:\/\/arquilimpa.pt\/recrutamento-acores\/\" \/>\n<meta property=\"og:site_name\" content=\"Arquilimpa\" \/>\n<meta property=\"article:modified_time\" content=\"2022-12-23T12:02:07+00:00\" \/>\n<meta name=\"twitter:card\" content=\"summary_large_image\" \/>\n<script type=\"application\/ld+json\" class=\"yoast-schema-graph\">{\"@context\":\"https:\/\/schema.org\",\"@graph\":[{\"@type\":\"WebSite\",\"@id\":\"https:\/\/arquilimpa.pt\/#website\",\"url\":\"https:\/\/arquilimpa.pt\/\",\"name\":\"Arquilimpa\",\"description\":\"\",\"potentialAction\":[{\"@type\":\"SearchAction\",\"target\":{\"@type\":\"EntryPoint\",\"urlTemplate\":\"https:\/\/arquilimpa.pt\/?s={search_term_string}\"},\"query-input\":\"required name=search_term_string\"}],\"inLanguage\":\"de-DE\"},{\"@type\":\"WebPage\",\"@id\":\"https:\/\/arquilimpa.pt\/recrutamento-acores\/#webpage\",\"url\":\"https:\/\/arquilimpa.pt\/recrutamento-acores\/\",\"name\":\"Recrutamento - Arquilimpa\",\"isPartOf\":{\"@id\":\"https:\/\/arquilimpa.pt\/#website\"},\"datePublished\":\"2021-12-17T16:01:29+00:00\",\"dateModified\":\"2022-12-23T12:02:07+00:00\",\"description\":\"Na Arquilimpa, todos s\\u00e3o bem-vindos para trabalhar numa equipa din\\u00e2mica e qualificada. Fa\\u00e7a parte do nosso recrutamento nos A\\u00e7ores\",\"breadcrumb\":{\"@id\":\"https:\/\/arquilimpa.pt\/recrutamento-acores\/#breadcrumb\"},\"inLanguage\":\"de-DE\",\"potentialAction\":[{\"@type\":\"ReadAction\",\"target\":[\"https:\/\/arquilimpa.pt\/recrutamento-acores\/\"]}]},{\"@type\":\"BreadcrumbList\",\"@id\":\"https:\/\/arquilimpa.pt\/recrutamento-acores\/#breadcrumb\",\"itemListElement\":[{\"@type\":\"ListItem\",\"position\":1,\"name\":\"In\\u00edcio\",\"item\":\"https:\/\/arquilimpa.pt\/de\/home-2\/\"},{\"@type\":\"ListItem\",\"position\":2,\"name\":\"Recrutamento\"}]}]}<\/script>\n<!-- \/ Yoast SEO plugin. -->","yoast_head_json":{"title":"Recrutamento - Arquilimpa","description":"Na Arquilimpa, todos s\u00e3o bem-vindos para trabalhar numa equipa din\u00e2mica e qualificada. Fa\u00e7a parte do nosso recrutamento nos A\u00e7ores","robots":{"index":"index","follow":"follow","max-snippet":"max-snippet:-1","max-image-preview":"max-image-preview:large","max-video-preview":"max-video-preview:-1"},"canonical":"https:\/\/arquilimpa.pt\/recrutamento-acores\/","og_locale":"de_DE","og_type":"article","og_title":"Recrutamento - Arquilimpa","og_description":"Na Arquilimpa, todos s\u00e3o bem-vindos para trabalhar numa equipa din\u00e2mica e qualificada. Fa\u00e7a parte do nosso recrutamento nos A\u00e7ores","og_url":"https:\/\/arquilimpa.pt\/recrutamento-acores\/","og_site_name":"Arquilimpa","article_modified_time":"2022-12-23T12:02:07+00:00","twitter_card":"summary_large_image","schema":{"@context":"https:\/\/schema.org","@graph":[{"@type":"WebSite","@id":"https:\/\/arquilimpa.pt\/#website","url":"https:\/\/arquilimpa.pt\/","name":"Arquilimpa","description":"","potentialAction":[{"@type":"SearchAction","target":{"@type":"EntryPoint","urlTemplate":"https:\/\/arquilimpa.pt\/?s={search_term_string}"},"query-input":"required name=search_term_string"}],"inLanguage":"de-DE"},{"@type":"WebPage","@id":"https:\/\/arquilimpa.pt\/recrutamento-acores\/#webpage","url":"https:\/\/arquilimpa.pt\/recrutamento-acores\/","name":"Recrutamento - Arquilimpa","isPartOf":{"@id":"https:\/\/arquilimpa.pt\/#website"},"datePublished":"2021-12-17T16:01:29+00:00","dateModified":"2022-12-23T12:02:07+00:00","description":"Na Arquilimpa, todos s\u00e3o bem-vindos para trabalhar numa equipa din\u00e2mica e qualificada. Fa\u00e7a parte do nosso recrutamento nos A\u00e7ores","breadcrumb":{"@id":"https:\/\/arquilimpa.pt\/recrutamento-acores\/#breadcrumb"},"inLanguage":"de-DE","potentialAction":[{"@type":"ReadAction","target":["https:\/\/arquilimpa.pt\/recrutamento-acores\/"]}]},{"@type":"BreadcrumbList","@id":"https:\/\/arquilimpa.pt\/recrutamento-acores\/#breadcrumb","itemListElement":[{"@type":"ListItem","position":1,"name":"In\u00edcio","item":"https:\/\/arquilimpa.pt\/de\/home-2\/"},{"@type":"ListItem","position":2,"name":"Recrutamento"}]}]}},"_links":{"self":[{"href":"https:\/\/arquilimpa.pt\/de\/wp-json\/wp\/v2\/pages\/2472"}],"collection":[{"href":"https:\/\/arquilimpa.pt\/de\/wp-json\/wp\/v2\/pages"}],"about":[{"href":"https:\/\/arquilimpa.pt\/de\/wp-json\/wp\/v2\/types\/page"}],"author":[{"embeddable":true,"href":"https:\/\/arquilimpa.pt\/de\/wp-json\/wp\/v2\/users\/1"}],"replies":[{"embeddable":true,"href":"https:\/\/arquilimpa.pt\/de\/wp-json\/wp\/v2\/comments?post=2472"}],"version-history":[{"count":0,"href":"https:\/\/arquilimpa.pt\/de\/wp-json\/wp\/v2\/pages\/2472\/revisions"}],"wp:attachment":[{"href":"https:\/\/arquilimpa.pt\/de\/wp-json\/wp\/v2\/media?parent=2472"}],"curies":[{"name":"wp","href":"https:\/\/api.w.org\/{rel}","templated":true}]}}